{"id":4455,"date":"2017-02-23T10:10:58","date_gmt":"2017-02-23T10:10:58","guid":{"rendered":"https:\/\/vertikalist.com\/?page_id=4455"},"modified":"2022-11-16T17:13:32","modified_gmt":"2022-11-16T16:13:32","slug":"blog","status":"publish","type":"page","link":"https:\/\/vertikalist.com\/ca\/blog\/","title":{"rendered":"blog"},"content":{"rendered":"<div class=\"fusion-fullwidth fullwidth-box fusion-builder-row-1 fusion-flex-container has-pattern-background has-mask-background nonhundred-percent-fullwidth non-hundred-percent-height-scrolling\" style=\"--awb-border-radius-top-left:0px;--awb-border-radius-top-right:0px;--awb-border-radius-bottom-right:0px;--awb-border-radius-bottom-left:0px;--awb-flex-wrap:wrap;\" ><div class=\"fusion-builder-row fusion-row fusion-flex-align-items-flex-start fusion-flex-content-wrap\" style=\"max-width:1206.4px;margin-left: calc(-4% \/ 2 );margin-right: calc(-4% \/ 2 );\"><div class=\"fusion-layout-column fusion_builder_column fusion-builder-column-0 fusion_builder_column_1_1 1_1 fusion-flex-column\" style=\"--awb-bg-size:cover;--awb-width-large:100%;--awb-margin-top-large:0px;--awb-spacing-right-large:1.92%;--awb-margin-bottom-large:0px;--awb-spacing-left-large:1.92%;--awb-width-medium:100%;--awb-order-medium:0;--awb-spacing-right-medium:1.92%;--awb-spacing-left-medium:1.92%;--awb-width-small:100%;--awb-order-small:0;--awb-spacing-right-small:1.92%;--awb-spacing-left-small:1.92%;\"><div class=\"fusion-column-wrapper fusion-column-has-shadow fusion-flex-justify-content-flex-start fusion-content-layout-column\"><div class=\"fusion-blog-shortcode fusion-blog-shortcode-1 fusion-blog-archive fusion-blog-layout-medium fusion-blog-pagination\"><div class=\"fusion-posts-container fusion-posts-container-pagination fusion-blog-rollover\" data-pages=\"1\"><article id=\"blog-1-post-3128\" class=\"fusion-post-medium post-3128 post type-post status-publish format-standard has-post-thumbnail hentry category-productes tag-supertirolinas-ca\">\n\t<style type=\"text\/css\">\n\t\t\n\t\t\n\t\t\n\t\t\n\t\t\t<\/style>\n\n\n\t\t\t<div class=\"fusion-flexslider flexslider fusion-flexslider-loading fusion-post-slideshow\" style=\"\">\n\t\t<ul class=\"slides\">\n\t\t\t\n\t\t\t\t\t\t\t\t\t\t\t\t\t\t<li><div  class=\"fusion-image-wrapper fusion-image-size-fixed\" aria-haspopup=\"true\">\n\t\t\t\t<img decoding=\"async\" width=\"320\" height=\"202\" src=\"https:\/\/vertikalist.com\/wp-content\/uploads\/2020\/04\/supertirolina-VK_Twin_05-005-320x202.jpg\" class=\"attachment-blog-medium size-blog-medium wp-post-image\" alt=\"\" srcset=\"https:\/\/vertikalist.com\/wp-content\/uploads\/2020\/04\/supertirolina-VK_Twin_05-005-200x127.jpg 200w, https:\/\/vertikalist.com\/wp-content\/uploads\/2020\/04\/supertirolina-VK_Twin_05-005-300x190.jpg 300w, https:\/\/vertikalist.com\/wp-content\/uploads\/2020\/04\/supertirolina-VK_Twin_05-005-320x202.jpg 320w, https:\/\/vertikalist.com\/wp-content\/uploads\/2020\/04\/supertirolina-VK_Twin_05-005-400x254.jpg 400w, https:\/\/vertikalist.com\/wp-content\/uploads\/2020\/04\/supertirolina-VK_Twin_05-005.jpg 504w\" sizes=\"(max-width: 320px) 100vw, 320px\" \/><div class=\"fusion-rollover\">\n\t<div class=\"fusion-rollover-content\">\n\n\t\t\t\t\n\t\t\n\t\t\t\t\t\t\t\t\t\t\t\t<h4 class=\"fusion-rollover-title\">\n\t\t\t\t\t<a class=\"fusion-rollover-title-link\" href=\"https:\/\/vertikalist.com\/ca\/construccio-de-la-tirolina-mas-llarga-de-andalucia-alhaurin-de-la-torre-malaga\/\">\n\t\t\t\t\t\tConstrucci\u00f3 de la tirolina m\u00e9s llarga d&#8217;Andalusia (Alhaur\u00edn de la Torre, M\u00e0laga)\t\t\t\t\t<\/a>\n\t\t\t\t<\/h4>\n\t\t\t\n\t\t\t\t\t\t\t\t\t\t<div class=\"fusion-rollover-categories\"><a href=\"https:\/\/vertikalist.com\/ca\/category\/productes\/\" rel=\"tag\">Productes<\/a><\/div>\t\t\t\t\t\n\t\t\n\t\t\t\t\t\t<a class=\"fusion-link-wrapper\" href=\"https:\/\/vertikalist.com\/ca\/construccio-de-la-tirolina-mas-llarga-de-andalucia-alhaurin-de-la-torre-malaga\/\" aria-label=\"Construcci\u00f3 de la tirolina m\u00e9s llarga d&#8217;Andalusia (Alhaur\u00edn de la Torre, M\u00e0laga)\"><\/a>\n\t<\/div>\n<\/div>\n<\/div>\n<\/li>\n\t\t\t\n\t\t\t\n\t\t\t\t\t\t\t\t\t\t\t\t\t\t\t\t\t\t\t\t\t\t\t\t\t\t\t\t\t\t\t\t\t\t\t\t\t\t\t\t\t\t\t\t\t\t\t\t\t\t\t\t\t\t\t\t\t\t\t\t\t\t\t\t\t\t\t\t<\/ul>\n\t<\/div>\n\t<div class=\"fusion-post-content post-content\"><h2 class=\"blog-shortcode-post-title entry-title\"><a href=\"https:\/\/vertikalist.com\/ca\/construccio-de-la-tirolina-mas-llarga-de-andalucia-alhaurin-de-la-torre-malaga\/\">Construcci\u00f3 de la tirolina m\u00e9s llarga d&#8217;Andalusia (Alhaur\u00edn de la Torre, M\u00e0laga)<\/a><\/h2><div class=\"fusion-post-content-container\"><p> Supertirolina VK Twin de 1350 m. Estem en la fase final de la implantaci\u00f3 d'aquesta atracci\u00f3 constru\u00efda per Vertikalist. Nom\u00e9s falta formar els monitors i inaugurar. Una altra fita que supera el nostre anterior r\u00e8cord de Supertirolina de 900 m. Per fi vam acabar la fase de construcci\u00f3 i [...]<\/p><\/div><\/div><div class=\"fusion-clearfix\"><\/div><div class=\"fusion-meta-info\"><div class=\"fusion-alignleft\"><span class=\"vcard\" style=\"display: none;\"><span class=\"fn\"><a href=\"https:\/\/vertikalist.com\/ca\/author\/jesus\/\" title=\"Entrades de Jesus\" rel=\"author\">Jesus<\/a><\/span><\/span><span class=\"updated\" style=\"display:none;\">2022-11-09T11:05:02+01:00<\/span><a href=\"https:\/\/vertikalist.com\/ca\/category\/productes\/\" rel=\"category tag\">Productes<\/a><span class=\"fusion-inline-sep\">|<\/span><\/div><div class=\"fusion-alignright\"><a class=\"fusion-read-more\" href=\"https:\/\/vertikalist.com\/ca\/construccio-de-la-tirolina-mas-llarga-de-andalucia-alhaurin-de-la-torre-malaga\/\" aria-label=\"More on Construcci\u00f3 de la tirolina m\u00e9s llarga d&#8217;Andalusia (Alhaur\u00edn de la Torre, M\u00e0laga)\">Read More<\/a><\/div><\/div><\/article>\n<article id=\"blog-1-post-2443\" class=\"fusion-post-medium post-2443 post type-post status-publish format-standard has-post-thumbnail hentry category-made-by-vertikalist-ca tag-estacion-de-esqui-ca tag-estacionalidad-ca tag-fly-line-ca tag-parque-de-aventura-ca tag-rads-ca tag-supertirolinas-ca tag-torre-multiaventura-ca\">\n\t<style type=\"text\/css\">\n\t\t\n\t\t\n\t\t\n\t\t\n\t\t\t<\/style>\n\n\n\t\t\t<div class=\"fusion-flexslider flexslider fusion-flexslider-loading fusion-post-slideshow\" style=\"\">\n\t\t<ul class=\"slides\">\n\t\t\t\n\t\t\t\t\t\t\t\t\t\t\t\t\t\t<li><div  class=\"fusion-image-wrapper fusion-image-size-fixed\" aria-haspopup=\"true\">\n\t\t\t\t<img decoding=\"async\" width=\"320\" height=\"202\" src=\"https:\/\/vertikalist.com\/wp-content\/uploads\/2017\/09\/Gallery_FlyLine_06-320x202.jpg\" class=\"attachment-blog-medium size-blog-medium wp-post-image\" alt=\"Com superar l&#039;estacionalitat\" srcset=\"https:\/\/vertikalist.com\/wp-content\/uploads\/2017\/09\/Gallery_FlyLine_06-320x202.jpg 320w, https:\/\/vertikalist.com\/wp-content\/uploads\/2017\/09\/Gallery_FlyLine_06-700x441.jpg 700w\" sizes=\"(max-width: 320px) 100vw, 320px\" \/><div class=\"fusion-rollover\">\n\t<div class=\"fusion-rollover-content\">\n\n\t\t\t\t\n\t\t\n\t\t\t\t\t\t\t\t\t\t\t\t<h4 class=\"fusion-rollover-title\">\n\t\t\t\t\t<a class=\"fusion-rollover-title-link\" href=\"https:\/\/vertikalist.com\/ca\/superar-estacionalitat-centre-oci-estacio-esqui\/\">\n\t\t\t\t\t\tCom superar l&#8217;estacionalitat del teu centre d&#8217;oci o estaci\u00f3 d&#8217;esqu\u00ed?\t\t\t\t\t<\/a>\n\t\t\t\t<\/h4>\n\t\t\t\n\t\t\t\t\t\t\t\t\t\t<div class=\"fusion-rollover-categories\"><a href=\"https:\/\/vertikalist.com\/ca\/category\/made-by-vertikalist-ca\/\" rel=\"tag\">Made by Vertikalist<\/a><\/div>\t\t\t\t\t\n\t\t\n\t\t\t\t\t\t<a class=\"fusion-link-wrapper\" href=\"https:\/\/vertikalist.com\/ca\/superar-estacionalitat-centre-oci-estacio-esqui\/\" aria-label=\"Com superar l&#8217;estacionalitat del teu centre d&#8217;oci o estaci\u00f3 d&#8217;esqu\u00ed?\"><\/a>\n\t<\/div>\n<\/div>\n<\/div>\n<\/li>\n\t\t\t\n\t\t\t\n\t\t\t\t\t\t\t\t\t\t\t\t\t\t\t\t\t\t\t\t\t\t\t\t\t\t\t\t\t\t\t\t\t\t\t\t\t\t\t\t\t\t\t\t\t\t\t\t\t\t\t\t\t\t\t\t\t\t\t\t\t\t\t\t\t\t\t\t<\/ul>\n\t<\/div>\n\t<div class=\"fusion-post-content post-content\"><h2 class=\"blog-shortcode-post-title entry-title\"><a href=\"https:\/\/vertikalist.com\/ca\/superar-estacionalitat-centre-oci-estacio-esqui\/\">Com superar l&#8217;estacionalitat del teu centre d&#8217;oci o estaci\u00f3 d&#8217;esqu\u00ed?<\/a><\/h2><div class=\"fusion-post-content-container\"><p> Un dels factors m\u00e9s recurrents que ens trobem en analitzar i avaluar la rendibilitat dels parcs \u00e9s l'estacionalitat originada per la climatologia, pr\u00f2pia del lloc on es trobi cada parc d'aventura. Si b\u00e9 les circumst\u00e0ncies difereixen, el problema \u00e9s com\u00fa. D'una banda, els parcs d'aventura solen tenir grans puntes [...]<\/p><\/div><\/div><div class=\"fusion-clearfix\"><\/div><div class=\"fusion-meta-info\"><div class=\"fusion-alignleft\"><span class=\"vcard\" style=\"display: none;\"><span class=\"fn\"><a href=\"https:\/\/vertikalist.com\/ca\/author\/jesus\/\" title=\"Entrades de Jesus\" rel=\"author\">Jesus<\/a><\/span><\/span><span class=\"updated\" style=\"display:none;\">2017-09-05T07:39:14+02:00<\/span><a href=\"https:\/\/vertikalist.com\/ca\/category\/made-by-vertikalist-ca\/\" rel=\"category tag\">Made by Vertikalist<\/a><span class=\"fusion-inline-sep\">|<\/span><\/div><div class=\"fusion-alignright\"><a class=\"fusion-read-more\" href=\"https:\/\/vertikalist.com\/ca\/superar-estacionalitat-centre-oci-estacio-esqui\/\" aria-label=\"More on Com superar l&#8217;estacionalitat del teu centre d&#8217;oci o estaci\u00f3 d&#8217;esqu\u00ed?\">Read More<\/a><\/div><\/div><\/article>\n<\/div><\/div><\/div><\/div><\/div><\/div>\n","protected":false},"excerpt":{"rendered":"","protected":false},"author":1,"featured_media":0,"parent":0,"menu_order":0,"comment_status":"closed","ping_status":"closed","template":"","meta":{"footnotes":""},"class_list":["post-4455","page","type-page","status-publish","hentry"],"yoast_head":"<!-- This site is optimized with the Yoast SEO plugin v27.1.1 - https:\/\/yoast.com\/product\/yoast-seo-wordpress\/ -->\n<title>blog - Vertikalist<\/title>\n<meta name=\"robots\" content=\"index, follow, max-snippet:-1, max-image-preview:large, max-video-preview:-1\" \/>\n<link rel=\"canonical\" href=\"https:\/\/vertikalist.com\/ca\/blog\/\" \/>\n<meta property=\"og:locale\" content=\"ca_ES\" \/>\n<meta property=\"og:type\" content=\"article\" \/>\n<meta property=\"og:title\" content=\"blog - Vertikalist\" \/>\n<meta property=\"og:url\" content=\"https:\/\/vertikalist.com\/ca\/blog\/\" \/>\n<meta property=\"og:site_name\" content=\"Vertikalist\" \/>\n<meta property=\"article:publisher\" content=\"https:\/\/www.facebook.com\/vertikalist\" \/>\n<meta property=\"article:modified_time\" content=\"2022-11-16T16:13:32+00:00\" \/>\n<meta name=\"twitter:card\" content=\"summary_large_image\" \/>\n<meta name=\"twitter:site\" content=\"@vertikalist\" \/>\n<meta name=\"twitter:label1\" content=\"Temps estimat de lectura\" \/>\n\t<meta name=\"twitter:data1\" content=\"2 minuts\" \/>\n<script type=\"application\/ld+json\" class=\"yoast-schema-graph\">{\"@context\":\"https:\/\/schema.org\",\"@graph\":[{\"@type\":\"WebPage\",\"@id\":\"https:\/\/vertikalist.com\/ca\/blog\/\",\"url\":\"https:\/\/vertikalist.com\/ca\/blog\/\",\"name\":\"blog - Vertikalist\",\"isPartOf\":{\"@id\":\"https:\/\/vertikalist.com\/#website\"},\"datePublished\":\"2017-02-23T10:10:58+00:00\",\"dateModified\":\"2022-11-16T16:13:32+00:00\",\"breadcrumb\":{\"@id\":\"https:\/\/vertikalist.com\/ca\/blog\/#breadcrumb\"},\"inLanguage\":\"ca\",\"potentialAction\":[{\"@type\":\"ReadAction\",\"target\":[\"https:\/\/vertikalist.com\/ca\/blog\/\"]}]},{\"@type\":\"BreadcrumbList\",\"@id\":\"https:\/\/vertikalist.com\/ca\/blog\/#breadcrumb\",\"itemListElement\":[{\"@type\":\"ListItem\",\"position\":1,\"name\":\"Portada\",\"item\":\"https:\/\/vertikalist.com\/ca\/\"},{\"@type\":\"ListItem\",\"position\":2,\"name\":\"blog\"}]},{\"@type\":\"WebSite\",\"@id\":\"https:\/\/vertikalist.com\/#website\",\"url\":\"https:\/\/vertikalist.com\/\",\"name\":\"Vertikalist\",\"description\":\"Construcci&oacute;n de parques de aventura\",\"publisher\":{\"@id\":\"https:\/\/vertikalist.com\/#organization\"},\"potentialAction\":[{\"@type\":\"SearchAction\",\"target\":{\"@type\":\"EntryPoint\",\"urlTemplate\":\"https:\/\/vertikalist.com\/?s={search_term_string}\"},\"query-input\":{\"@type\":\"PropertyValueSpecification\",\"valueRequired\":true,\"valueName\":\"search_term_string\"}}],\"inLanguage\":\"ca\"},{\"@type\":\"Organization\",\"@id\":\"https:\/\/vertikalist.com\/#organization\",\"name\":\"VERTIKALIST\",\"url\":\"https:\/\/vertikalist.com\/\",\"logo\":{\"@type\":\"ImageObject\",\"inLanguage\":\"ca\",\"@id\":\"https:\/\/vertikalist.com\/#\/schema\/logo\/image\/\",\"url\":\"https:\/\/vertikalist.com\/wp-content\/uploads\/2019\/09\/Supertirolina-video-Logo-1.jpg\",\"contentUrl\":\"https:\/\/vertikalist.com\/wp-content\/uploads\/2019\/09\/Supertirolina-video-Logo-1.jpg\",\"width\":68,\"height\":68,\"caption\":\"VERTIKALIST\"},\"image\":{\"@id\":\"https:\/\/vertikalist.com\/#\/schema\/logo\/image\/\"},\"sameAs\":[\"https:\/\/www.facebook.com\/vertikalist\",\"https:\/\/x.com\/vertikalist\",\"https:\/\/www.instagram.com\/vertikalist\/\",\"https:\/\/es.linkedin.com\/company\/vertikalist\",\"https:\/\/www.pinterest.es\/vertikalist\/\",\"https:\/\/www.youtube.com\/channel\/UCFSxmh4HlH45LPqVuZ9pZKw\"]}]}<\/script>\n<!-- \/ Yoast SEO plugin. -->","yoast_head_json":{"title":"blog - Vertikalist","robots":{"index":"index","follow":"follow","max-snippet":"max-snippet:-1","max-image-preview":"max-image-preview:large","max-video-preview":"max-video-preview:-1"},"canonical":"https:\/\/vertikalist.com\/ca\/blog\/","og_locale":"ca_ES","og_type":"article","og_title":"blog - Vertikalist","og_url":"https:\/\/vertikalist.com\/ca\/blog\/","og_site_name":"Vertikalist","article_publisher":"https:\/\/www.facebook.com\/vertikalist","article_modified_time":"2022-11-16T16:13:32+00:00","twitter_card":"summary_large_image","twitter_site":"@vertikalist","twitter_misc":{"Temps estimat de lectura":"2 minuts"},"schema":{"@context":"https:\/\/schema.org","@graph":[{"@type":"WebPage","@id":"https:\/\/vertikalist.com\/ca\/blog\/","url":"https:\/\/vertikalist.com\/ca\/blog\/","name":"blog - Vertikalist","isPartOf":{"@id":"https:\/\/vertikalist.com\/#website"},"datePublished":"2017-02-23T10:10:58+00:00","dateModified":"2022-11-16T16:13:32+00:00","breadcrumb":{"@id":"https:\/\/vertikalist.com\/ca\/blog\/#breadcrumb"},"inLanguage":"ca","potentialAction":[{"@type":"ReadAction","target":["https:\/\/vertikalist.com\/ca\/blog\/"]}]},{"@type":"BreadcrumbList","@id":"https:\/\/vertikalist.com\/ca\/blog\/#breadcrumb","itemListElement":[{"@type":"ListItem","position":1,"name":"Portada","item":"https:\/\/vertikalist.com\/ca\/"},{"@type":"ListItem","position":2,"name":"blog"}]},{"@type":"WebSite","@id":"https:\/\/vertikalist.com\/#website","url":"https:\/\/vertikalist.com\/","name":"Vertikalist","description":"Construcci&oacute;n de parques de aventura","publisher":{"@id":"https:\/\/vertikalist.com\/#organization"},"potentialAction":[{"@type":"SearchAction","target":{"@type":"EntryPoint","urlTemplate":"https:\/\/vertikalist.com\/?s={search_term_string}"},"query-input":{"@type":"PropertyValueSpecification","valueRequired":true,"valueName":"search_term_string"}}],"inLanguage":"ca"},{"@type":"Organization","@id":"https:\/\/vertikalist.com\/#organization","name":"VERTIKALIST","url":"https:\/\/vertikalist.com\/","logo":{"@type":"ImageObject","inLanguage":"ca","@id":"https:\/\/vertikalist.com\/#\/schema\/logo\/image\/","url":"https:\/\/vertikalist.com\/wp-content\/uploads\/2019\/09\/Supertirolina-video-Logo-1.jpg","contentUrl":"https:\/\/vertikalist.com\/wp-content\/uploads\/2019\/09\/Supertirolina-video-Logo-1.jpg","width":68,"height":68,"caption":"VERTIKALIST"},"image":{"@id":"https:\/\/vertikalist.com\/#\/schema\/logo\/image\/"},"sameAs":["https:\/\/www.facebook.com\/vertikalist","https:\/\/x.com\/vertikalist","https:\/\/www.instagram.com\/vertikalist\/","https:\/\/es.linkedin.com\/company\/vertikalist","https:\/\/www.pinterest.es\/vertikalist\/","https:\/\/www.youtube.com\/channel\/UCFSxmh4HlH45LPqVuZ9pZKw"]}]}},"_links":{"self":[{"href":"https:\/\/vertikalist.com\/ca\/wp-json\/wp\/v2\/pages\/4455","targetHints":{"allow":["GET"]}}],"collection":[{"href":"https:\/\/vertikalist.com\/ca\/wp-json\/wp\/v2\/pages"}],"about":[{"href":"https:\/\/vertikalist.com\/ca\/wp-json\/wp\/v2\/types\/page"}],"author":[{"embeddable":true,"href":"https:\/\/vertikalist.com\/ca\/wp-json\/wp\/v2\/users\/1"}],"replies":[{"embeddable":true,"href":"https:\/\/vertikalist.com\/ca\/wp-json\/wp\/v2\/comments?post=4455"}],"version-history":[{"count":15,"href":"https:\/\/vertikalist.com\/ca\/wp-json\/wp\/v2\/pages\/4455\/revisions"}],"predecessor-version":[{"id":4473,"href":"https:\/\/vertikalist.com\/ca\/wp-json\/wp\/v2\/pages\/4455\/revisions\/4473"}],"wp:attachment":[{"href":"https:\/\/vertikalist.com\/ca\/wp-json\/wp\/v2\/media?parent=4455"}],"curies":[{"name":"wp","href":"https:\/\/api.w.org\/{rel}","templated":true}]}}