{"id":4354,"date":"2022-11-08T16:00:38","date_gmt":"2022-11-08T15:00:38","guid":{"rendered":"https:\/\/vertikalist.com\/?page_id=4354"},"modified":"2022-11-08T16:07:36","modified_gmt":"2022-11-08T15:07:36","slug":"cookie-policy","status":"publish","type":"page","link":"https:\/\/vertikalist.com\/ca\/cookie-policy\/","title":{"rendered":"Cookie Policy"},"content":{"rendered":"<div class=\"fusion-fullwidth fullwidth-box fusion-builder-row-1 fusion-flex-container nonhundred-percent-fullwidth non-hundred-percent-height-scrolling\" style=\"--awb-border-radius-top-left:0px;--awb-border-radius-top-right:0px;--awb-border-radius-bottom-right:0px;--awb-border-radius-bottom-left:0px;--awb-flex-wrap:wrap;\" ><div class=\"fusion-builder-row fusion-row fusion-flex-align-items-flex-start fusion-flex-content-wrap\" style=\"max-width:1206.4px;margin-left: calc(-4% \/ 2 );margin-right: calc(-4% \/ 2 );\"><div class=\"fusion-layout-column fusion_builder_column fusion-builder-column-0 fusion_builder_column_1_1 1_1 fusion-flex-column\" style=\"--awb-bg-size:cover;--awb-width-large:100%;--awb-margin-top-large:0px;--awb-spacing-right-large:1.92%;--awb-margin-bottom-large:0px;--awb-spacing-left-large:1.92%;--awb-width-medium:100%;--awb-spacing-right-medium:1.92%;--awb-spacing-left-medium:1.92%;--awb-width-small:100%;--awb-spacing-right-small:1.92%;--awb-spacing-left-small:1.92%;\"><div class=\"fusion-column-wrapper fusion-flex-justify-content-flex-start fusion-content-layout-column\"><div class=\"fusion-text fusion-text-1\"><p>Aquest lloc utilitza cookies: petits fitxers de text que es col\u00b7loquen a la vostra m\u00e0quina per ajudar-lo a oferir una millor experi\u00e8ncia d&#8217;usuari. En general, les galetes s&#8217;utilitzen per retenir les prefer\u00e8ncies de l&#8217;usuari, emmagatzemar informaci\u00f3 per a coses com ara carretons de la compra i proporcionar dades de seguiment an\u00f2nimes a aplicacions de tercers com Google Analytics. Per regla general, les galetes milloraran la vostra experi\u00e8ncia de navegaci\u00f3. Tanmateix, potser preferiu desactivar les galetes en aquest lloc i en altres. La manera m\u00e9s efica\u00e7 de fer-ho \u00e9s desactivar les cookies al vostre navegador. Us suggerim que consulteu la secci\u00f3 d&#8217;ajuda del vostre navegador o que feu una ullada al lloc web Sobre les galetes, que ofereix una guia per a tots els navegadors moderns.<\/p>\n<\/div><\/div><\/div><\/div><\/div>\n","protected":false},"excerpt":{"rendered":"","protected":false},"author":1,"featured_media":0,"parent":0,"menu_order":0,"comment_status":"closed","ping_status":"closed","template":"","meta":{"footnotes":""},"class_list":["post-4354","page","type-page","status-publish","hentry"],"yoast_head":"<!-- This site is optimized with the Yoast SEO plugin v27.1.1 - https:\/\/yoast.com\/product\/yoast-seo-wordpress\/ -->\n<title>Cookie Policy - Vertikalist<\/title>\n<meta name=\"description\" content=\"Aquest lloc utilitza cookies: petits fitxers de text que es col\u00b7loquen a la vostra m\u00e0quina per ajudar-lo a oferir una millor experi\u00e8ncia d&#039;usuaris.\" \/>\n<meta name=\"robots\" content=\"index, follow, max-snippet:-1, max-image-preview:large, max-video-preview:-1\" \/>\n<link rel=\"canonical\" href=\"https:\/\/vertikalist.com\/ca\/cookie-policy\/\" \/>\n<meta property=\"og:locale\" content=\"ca_ES\" \/>\n<meta property=\"og:type\" content=\"article\" \/>\n<meta property=\"og:title\" content=\"Cookie Policy - Vertikalist\" \/>\n<meta property=\"og:description\" content=\"Aquest lloc utilitza cookies: petits fitxers de text que es col\u00b7loquen a la vostra m\u00e0quina per ajudar-lo a oferir una millor experi\u00e8ncia d&#039;usuaris.\" \/>\n<meta property=\"og:url\" content=\"https:\/\/vertikalist.com\/ca\/cookie-policy\/\" \/>\n<meta property=\"og:site_name\" content=\"Vertikalist\" \/>\n<meta property=\"article:publisher\" content=\"https:\/\/www.facebook.com\/vertikalist\" \/>\n<meta property=\"article:modified_time\" content=\"2022-11-08T15:07:36+00:00\" \/>\n<meta name=\"twitter:card\" content=\"summary_large_image\" \/>\n<meta name=\"twitter:site\" content=\"@vertikalist\" \/>\n<meta name=\"twitter:label1\" content=\"Temps estimat de lectura\" \/>\n\t<meta name=\"twitter:data1\" content=\"1 minut\" \/>\n<script type=\"application\/ld+json\" class=\"yoast-schema-graph\">{\"@context\":\"https:\/\/schema.org\",\"@graph\":[{\"@type\":\"WebPage\",\"@id\":\"https:\/\/vertikalist.com\/ca\/cookie-policy\/\",\"url\":\"https:\/\/vertikalist.com\/ca\/cookie-policy\/\",\"name\":\"Cookie Policy - Vertikalist\",\"isPartOf\":{\"@id\":\"https:\/\/vertikalist.com\/#website\"},\"datePublished\":\"2022-11-08T15:00:38+00:00\",\"dateModified\":\"2022-11-08T15:07:36+00:00\",\"description\":\"Aquest lloc utilitza cookies: petits fitxers de text que es col\u00b7loquen a la vostra m\u00e0quina per ajudar-lo a oferir una millor experi\u00e8ncia d'usuaris.\",\"breadcrumb\":{\"@id\":\"https:\/\/vertikalist.com\/ca\/cookie-policy\/#breadcrumb\"},\"inLanguage\":\"ca\",\"potentialAction\":[{\"@type\":\"ReadAction\",\"target\":[\"https:\/\/vertikalist.com\/ca\/cookie-policy\/\"]}]},{\"@type\":\"BreadcrumbList\",\"@id\":\"https:\/\/vertikalist.com\/ca\/cookie-policy\/#breadcrumb\",\"itemListElement\":[{\"@type\":\"ListItem\",\"position\":1,\"name\":\"Portada\",\"item\":\"https:\/\/vertikalist.com\/ca\/\"},{\"@type\":\"ListItem\",\"position\":2,\"name\":\"Cookie Policy\"}]},{\"@type\":\"WebSite\",\"@id\":\"https:\/\/vertikalist.com\/#website\",\"url\":\"https:\/\/vertikalist.com\/\",\"name\":\"Vertikalist\",\"description\":\"Construcci&oacute;n de parques de aventura\",\"publisher\":{\"@id\":\"https:\/\/vertikalist.com\/#organization\"},\"potentialAction\":[{\"@type\":\"SearchAction\",\"target\":{\"@type\":\"EntryPoint\",\"urlTemplate\":\"https:\/\/vertikalist.com\/?s={search_term_string}\"},\"query-input\":{\"@type\":\"PropertyValueSpecification\",\"valueRequired\":true,\"valueName\":\"search_term_string\"}}],\"inLanguage\":\"ca\"},{\"@type\":\"Organization\",\"@id\":\"https:\/\/vertikalist.com\/#organization\",\"name\":\"VERTIKALIST\",\"url\":\"https:\/\/vertikalist.com\/\",\"logo\":{\"@type\":\"ImageObject\",\"inLanguage\":\"ca\",\"@id\":\"https:\/\/vertikalist.com\/#\/schema\/logo\/image\/\",\"url\":\"https:\/\/vertikalist.com\/wp-content\/uploads\/2019\/09\/Supertirolina-video-Logo-1.jpg\",\"contentUrl\":\"https:\/\/vertikalist.com\/wp-content\/uploads\/2019\/09\/Supertirolina-video-Logo-1.jpg\",\"width\":68,\"height\":68,\"caption\":\"VERTIKALIST\"},\"image\":{\"@id\":\"https:\/\/vertikalist.com\/#\/schema\/logo\/image\/\"},\"sameAs\":[\"https:\/\/www.facebook.com\/vertikalist\",\"https:\/\/x.com\/vertikalist\",\"https:\/\/www.instagram.com\/vertikalist\/\",\"https:\/\/es.linkedin.com\/company\/vertikalist\",\"https:\/\/www.pinterest.es\/vertikalist\/\",\"https:\/\/www.youtube.com\/channel\/UCFSxmh4HlH45LPqVuZ9pZKw\"]}]}<\/script>\n<!-- \/ Yoast SEO plugin. -->","yoast_head_json":{"title":"Cookie Policy - Vertikalist","description":"Aquest lloc utilitza cookies: petits fitxers de text que es col\u00b7loquen a la vostra m\u00e0quina per ajudar-lo a oferir una millor experi\u00e8ncia d'usuaris.","robots":{"index":"index","follow":"follow","max-snippet":"max-snippet:-1","max-image-preview":"max-image-preview:large","max-video-preview":"max-video-preview:-1"},"canonical":"https:\/\/vertikalist.com\/ca\/cookie-policy\/","og_locale":"ca_ES","og_type":"article","og_title":"Cookie Policy - Vertikalist","og_description":"Aquest lloc utilitza cookies: petits fitxers de text que es col\u00b7loquen a la vostra m\u00e0quina per ajudar-lo a oferir una millor experi\u00e8ncia d'usuaris.","og_url":"https:\/\/vertikalist.com\/ca\/cookie-policy\/","og_site_name":"Vertikalist","article_publisher":"https:\/\/www.facebook.com\/vertikalist","article_modified_time":"2022-11-08T15:07:36+00:00","twitter_card":"summary_large_image","twitter_site":"@vertikalist","twitter_misc":{"Temps estimat de lectura":"1 minut"},"schema":{"@context":"https:\/\/schema.org","@graph":[{"@type":"WebPage","@id":"https:\/\/vertikalist.com\/ca\/cookie-policy\/","url":"https:\/\/vertikalist.com\/ca\/cookie-policy\/","name":"Cookie Policy - Vertikalist","isPartOf":{"@id":"https:\/\/vertikalist.com\/#website"},"datePublished":"2022-11-08T15:00:38+00:00","dateModified":"2022-11-08T15:07:36+00:00","description":"Aquest lloc utilitza cookies: petits fitxers de text que es col\u00b7loquen a la vostra m\u00e0quina per ajudar-lo a oferir una millor experi\u00e8ncia d'usuaris.","breadcrumb":{"@id":"https:\/\/vertikalist.com\/ca\/cookie-policy\/#breadcrumb"},"inLanguage":"ca","potentialAction":[{"@type":"ReadAction","target":["https:\/\/vertikalist.com\/ca\/cookie-policy\/"]}]},{"@type":"BreadcrumbList","@id":"https:\/\/vertikalist.com\/ca\/cookie-policy\/#breadcrumb","itemListElement":[{"@type":"ListItem","position":1,"name":"Portada","item":"https:\/\/vertikalist.com\/ca\/"},{"@type":"ListItem","position":2,"name":"Cookie Policy"}]},{"@type":"WebSite","@id":"https:\/\/vertikalist.com\/#website","url":"https:\/\/vertikalist.com\/","name":"Vertikalist","description":"Construcci&oacute;n de parques de aventura","publisher":{"@id":"https:\/\/vertikalist.com\/#organization"},"potentialAction":[{"@type":"SearchAction","target":{"@type":"EntryPoint","urlTemplate":"https:\/\/vertikalist.com\/?s={search_term_string}"},"query-input":{"@type":"PropertyValueSpecification","valueRequired":true,"valueName":"search_term_string"}}],"inLanguage":"ca"},{"@type":"Organization","@id":"https:\/\/vertikalist.com\/#organization","name":"VERTIKALIST","url":"https:\/\/vertikalist.com\/","logo":{"@type":"ImageObject","inLanguage":"ca","@id":"https:\/\/vertikalist.com\/#\/schema\/logo\/image\/","url":"https:\/\/vertikalist.com\/wp-content\/uploads\/2019\/09\/Supertirolina-video-Logo-1.jpg","contentUrl":"https:\/\/vertikalist.com\/wp-content\/uploads\/2019\/09\/Supertirolina-video-Logo-1.jpg","width":68,"height":68,"caption":"VERTIKALIST"},"image":{"@id":"https:\/\/vertikalist.com\/#\/schema\/logo\/image\/"},"sameAs":["https:\/\/www.facebook.com\/vertikalist","https:\/\/x.com\/vertikalist","https:\/\/www.instagram.com\/vertikalist\/","https:\/\/es.linkedin.com\/company\/vertikalist","https:\/\/www.pinterest.es\/vertikalist\/","https:\/\/www.youtube.com\/channel\/UCFSxmh4HlH45LPqVuZ9pZKw"]}]}},"_links":{"self":[{"href":"https:\/\/vertikalist.com\/ca\/wp-json\/wp\/v2\/pages\/4354","targetHints":{"allow":["GET"]}}],"collection":[{"href":"https:\/\/vertikalist.com\/ca\/wp-json\/wp\/v2\/pages"}],"about":[{"href":"https:\/\/vertikalist.com\/ca\/wp-json\/wp\/v2\/types\/page"}],"author":[{"embeddable":true,"href":"https:\/\/vertikalist.com\/ca\/wp-json\/wp\/v2\/users\/1"}],"replies":[{"embeddable":true,"href":"https:\/\/vertikalist.com\/ca\/wp-json\/wp\/v2\/comments?post=4354"}],"version-history":[{"count":0,"href":"https:\/\/vertikalist.com\/ca\/wp-json\/wp\/v2\/pages\/4354\/revisions"}],"wp:attachment":[{"href":"https:\/\/vertikalist.com\/ca\/wp-json\/wp\/v2\/media?parent=4354"}],"curies":[{"name":"wp","href":"https:\/\/api.w.org\/{rel}","templated":true}]}}