{"id":3477,"date":"2021-02-24T16:54:18","date_gmt":"2021-02-24T15:54:18","guid":{"rendered":"https:\/\/vertikalist.com\/?page_id=3477"},"modified":"2022-11-08T15:41:20","modified_gmt":"2022-11-08T14:41:20","slug":"contact","status":"publish","type":"page","link":"https:\/\/vertikalist.com\/ca\/contact\/","title":{"rendered":"Contacte"},"content":{"rendered":"<p><div class=\"fusion-fullwidth fullwidth-box fusion-builder-row-1 hundred-percent-fullwidth non-hundred-percent-height-scrolling\" style=\"--awb-border-radius-top-left:0px;--awb-border-radius-top-right:0px;--awb-border-radius-bottom-right:0px;--awb-border-radius-bottom-left:0px;--awb-padding-top:50px;--awb-padding-bottom:50px;--awb-background-color:#747474;--awb-flex-wrap:wrap;\" ><div class=\"fusion-builder-row fusion-row\"><div class=\"fusion-layout-column fusion_builder_column fusion-builder-column-0 fusion_builder_column_1_1 1_1 fusion-one-full fusion-column-first fusion-column-last\" style=\"--awb-bg-color:#747474;--awb-bg-color-hover:#747474;--awb-bg-size:cover;\"><div class=\"fusion-column-wrapper fusion-column-has-shadow fusion-flex-column-wrapper-legacy\"><div class=\"fusion-text fusion-text-1\"><h5><span style=\"color: #ffffff;\"><a style=\"color: #ffffff;\">Si vols rebre m\u00e9s informaci\u00f3, envia&#8217;ns el seg\u00fcent formulari.<\/a><\/span><\/h5>\n<\/div><div class=\"fusion-text fusion-text-2\">\n<div class=\"wpcf7 no-js\" id=\"wpcf7-f2306-o1\" lang=\"es-ES\" dir=\"ltr\" data-wpcf7-id=\"2306\">\n<div class=\"screen-reader-response\"><p role=\"status\" aria-live=\"polite\" aria-atomic=\"true\"><\/p> <ul><\/ul><\/div>\n<form action=\"\/ca\/wp-json\/wp\/v2\/pages\/3477#wpcf7-f2306-o1\" method=\"post\" class=\"wpcf7-form init\" aria-label=\"Formulario de contacto\" novalidate=\"novalidate\" data-status=\"init\">\n<fieldset class=\"hidden-fields-container\"><input type=\"hidden\" name=\"_wpcf7\" value=\"2306\" \/><input type=\"hidden\" name=\"_wpcf7_version\" value=\"6.1.5\" \/><input type=\"hidden\" name=\"_wpcf7_locale\" value=\"es_ES\" \/><input type=\"hidden\" name=\"_wpcf7_unit_tag\" value=\"wpcf7-f2306-o1\" \/><input type=\"hidden\" name=\"_wpcf7_container_post\" value=\"0\" \/><input type=\"hidden\" name=\"_wpcf7_posted_data_hash\" value=\"\" \/><input type=\"hidden\" name=\"_wpcf7_recaptcha_response\" value=\"\" \/>\n<\/fieldset>\n<p><label> Name (Required)<br \/>\n<span class=\"wpcf7-form-control-wrap\" data-name=\"your-name\"><input size=\"40\" maxlength=\"400\" class=\"wpcf7-form-control wpcf7-text wpcf7-validates-as-required\" aria-required=\"true\" aria-invalid=\"false\" value=\"\" type=\"text\" name=\"your-name\" \/><\/span> <\/label>\n<\/p>\n<p><label> Email (Required)<br \/>\n<span class=\"wpcf7-form-control-wrap\" data-name=\"your-email\"><input size=\"40\" maxlength=\"400\" class=\"wpcf7-form-control wpcf7-email wpcf7-validates-as-required wpcf7-text wpcf7-validates-as-email\" aria-required=\"true\" aria-invalid=\"false\" value=\"\" type=\"email\" name=\"your-email\" \/><\/span> <\/label>\n<\/p>\n<p><label> Subject<br \/>\n<span class=\"wpcf7-form-control-wrap\" data-name=\"your-subject\"><input size=\"40\" maxlength=\"400\" class=\"wpcf7-form-control wpcf7-text\" aria-invalid=\"false\" value=\"\" type=\"text\" name=\"your-subject\" \/><\/span> <\/label>\n<\/p>\n<p><label> Message<br \/>\n<span class=\"wpcf7-form-control-wrap\" data-name=\"your-message\"><textarea cols=\"40\" rows=\"10\" maxlength=\"2000\" class=\"wpcf7-form-control wpcf7-textarea\" aria-invalid=\"false\" name=\"your-message\"><\/textarea><\/span> <\/label>\n<\/p>\n<p><span class=\"wpcf7-form-control-wrap\" data-name=\"acceptance-rgpd\"><span class=\"wpcf7-form-control wpcf7-acceptance\"><span class=\"wpcf7-list-item\"><label><input type=\"checkbox\" name=\"acceptance-rgpd\" value=\"1\" aria-invalid=\"false\" \/><span class=\"wpcf7-list-item-label\">I have read and accept the <a class=\"legal\" href=\"https:\/\/vertikalist.com\/legal\/\" target=\"_blank\">Legal<\/a> terms<\/span><\/label><\/span><\/span><\/span>\n<\/p>\n\n<p><input class=\"wpcf7-form-control wpcf7-submit has-spinner\" type=\"submit\" value=\"Send\" \/>\n<\/p><div class=\"fusion-alert alert custom alert-custom fusion-alert-center wpcf7-response-output fusion-alert-capitalize awb-alert-native-link-color alert-dismissable awb-alert-close-boxed\" style=\"--awb-border-top-left-radius:0px;--awb-border-top-right-radius:0px;--awb-border-bottom-left-radius:0px;--awb-border-bottom-right-radius:0px;\" role=\"alert\"><div class=\"fusion-alert-content-wrapper\"><span class=\"fusion-alert-content\"><\/span><\/div><button type=\"button\" class=\"close toggle-alert\" data-dismiss=\"alert\" aria-label=\"Close\">&times;<\/button><\/div>\n<\/form>\n<\/div>\n\n<\/div><div class=\"fusion-clearfix\"><\/div><\/div><\/div><\/div><\/div><div id=\"contacto\" class=\"fusion-container-anchor\"><div class=\"fusion-fullwidth fullwidth-box fusion-builder-row-2 fusion-flex-container hundred-percent-fullwidth non-hundred-percent-height-scrolling\" style=\"--awb-border-radius-top-left:0px;--awb-border-radius-top-right:0px;--awb-border-radius-bottom-right:0px;--awb-border-radius-bottom-left:0px;--awb-padding-top:0px;--awb-padding-right:0px;--awb-padding-bottom:0px;--awb-padding-left:0px;--awb-margin-top:0px;--awb-margin-bottom:0px;--awb-background-color:#fc4513;--awb-flex-wrap:wrap;\" ><div class=\"fusion-builder-row fusion-row fusion-flex-align-items-stretch fusion-flex-content-wrap\" style=\"width:104% !important;max-width:104% !important;margin-left: calc(-4% \/ 2 );margin-right: calc(-4% \/ 2 );\"><div class=\"fusion-layout-column fusion_builder_column fusion-builder-column-1 fusion_builder_column_1_2 1_2 fusion-flex-column\" style=\"--awb-bg-size:cover;--awb-width-large:50%;--awb-margin-top-large:0px;--awb-spacing-right-large:3.84%;--awb-margin-bottom-large:0px;--awb-spacing-left-large:3.84%;--awb-width-medium:100%;--awb-spacing-right-medium:1.92%;--awb-spacing-left-medium:1.92%;--awb-width-small:100%;--awb-spacing-right-small:1.92%;--awb-spacing-left-small:1.92%;\"><div class=\"fusion-column-wrapper fusion-flex-justify-content-flex-start fusion-content-layout-column\"><div class=\"fusion-image-element \" style=\"text-align:center;--awb-caption-title-font-family:var(--h2_typography-font-family);--awb-caption-title-font-weight:var(--h2_typography-font-weight);--awb-caption-title-font-style:var(--h2_typography-font-style);--awb-caption-title-size:var(--h2_typography-font-size);--awb-caption-title-transform:var(--h2_typography-text-transform);--awb-caption-title-line-height:var(--h2_typography-line-height);--awb-caption-title-letter-spacing:var(--h2_typography-letter-spacing);\"><span class=\" fusion-imageframe imageframe-none imageframe-1 hover-type-none\"><img decoding=\"async\" width=\"373\" height=\"370\" title=\"icon_06\" src=\"https:\/\/vertikalist.com\/wp-content\/uploads\/2017\/02\/icon_06.png\" alt class=\"img-responsive wp-image-792\" srcset=\"https:\/\/vertikalist.com\/wp-content\/uploads\/2017\/02\/icon_06-200x198.png 200w, https:\/\/vertikalist.com\/wp-content\/uploads\/2017\/02\/icon_06.png 373w\" sizes=\"(max-width: 1024px) 100vw, (max-width: 640px) 100vw, 373px\" \/><\/span><\/div><\/div><\/div><div class=\"fusion-layout-column fusion_builder_column fusion-builder-column-2 fusion_builder_column_1_2 1_2 fusion-flex-column\" style=\"--awb-padding-right:30px;--awb-padding-left:30px;--awb-bg-size:cover;--awb-width-large:50%;--awb-margin-top-large:0px;--awb-spacing-right-large:3.84%;--awb-margin-bottom-large:0px;--awb-spacing-left-large:3.84%;--awb-width-medium:100%;--awb-spacing-right-medium:1.92%;--awb-spacing-left-medium:1.92%;--awb-width-small:100%;--awb-spacing-right-small:1.92%;--awb-spacing-left-small:1.92%;\"><div class=\"fusion-column-wrapper fusion-flex-justify-content-center fusion-content-layout-column\"><div class=\"fusion-text fusion-text-3\"><p><span style=\"color: #ffffff;\">Contacta amb nosaltres:<\/span><\/p>\n<\/div><div class=\"fusion-content-boxes content-boxes columns row fusion-columns-3 fusion-columns-total-3 fusion-content-boxes-1 content-boxes-icon-with-title content-left\" style=\"--awb-backgroundcolor:#f2f2f2;--awb-hover-accent-color:#a0ce4e;--awb-circle-hover-accent-color:#a0ce4e;\" data-animationOffset=\"top-mid-of-view\"><div style=\"--awb-backgroundcolor:#fc4513;\" class=\"fusion-column content-box-column content-box-column content-box-column-1 col-lg-4 col-md-4 col-sm-4 fusion-content-box-hover content-box-column-first-in-row\"><div class=\"col content-box-wrapper content-wrapper-background link-area-box link-type-button-bar content-icon-wrapper-yes icon-hover-animation-fade\" data-link=\"https:\/\/api.whatsapp.com\/send?phone=34695430099&amp;text=Quiero%20m%C3%A1s%20informaci%C3%B3n%20de%20sus%20productos\" data-link-target=\"_blank\" data-animationOffset=\"top-mid-of-view\"><div class=\"heading heading-with-icon icon-left\"><a class=\"heading-link\" style=\"float:left;\" href=\"https:\/\/api.whatsapp.com\/send?phone=34695430099&amp;text=Quiero%20m%C3%A1s%20informaci%C3%B3n%20de%20sus%20productos\" target=\"_blank\" rel=\"noopener noreferrer\"><div aria-hidden=\"true\" class=\"image\"><img decoding=\"async\" src=\"https:\/\/vertikalist.com\/wp-content\/uploads\/2021\/02\/Whatsapp.png\" width=\"30\" height=\"30\" alt=\"\" \/><\/div><\/a><\/div><div class=\"fusion-clearfix\"><\/div><a class=\" fusion-read-more fusion-button-bar\" style=\"float:left;\" href=\"https:\/\/api.whatsapp.com\/send?phone=34695430099&amp;text=Quiero%20m%C3%A1s%20informaci%C3%B3n%20de%20sus%20productos\" target=\"_blank\" rel=\"noopener noreferrer\">Send us a Whatsapp<\/a><div class=\"fusion-clearfix\"><\/div><\/div><\/div><div style=\"--awb-backgroundcolor:#fc4513;\" class=\"fusion-column content-box-column content-box-column content-box-column-2 col-lg-4 col-md-4 col-sm-4 fusion-content-box-hover \"><div class=\"col content-box-wrapper content-wrapper-background link-area-box link-type-button-bar content-icon-wrapper-yes icon-hover-animation-fade\" data-link=\"tel:+34695430099\" data-link-target=\"_blank\" data-animationOffset=\"top-mid-of-view\"><div class=\"heading heading-with-icon icon-left\"><a class=\"heading-link\" style=\"float:left;\" href=\"tel:+34695430099\" target=\"_blank\" rel=\"noopener noreferrer\"><div aria-hidden=\"true\" class=\"image\"><img decoding=\"async\" src=\"https:\/\/vertikalist.com\/wp-content\/uploads\/2021\/02\/telefono-1.png\" width=\"30\" height=\"30\" alt=\"\" \/><\/div><\/a><\/div><div class=\"fusion-clearfix\"><\/div><a class=\" fusion-read-more fusion-button-bar\" style=\"float:left;\" href=\"tel:+34695430099\" target=\"_blank\" rel=\"noopener noreferrer\">Call us by phone<\/a><div class=\"fusion-clearfix\"><\/div><\/div><\/div><div style=\"--awb-backgroundcolor:#fc4513;\" class=\"fusion-column content-box-column content-box-column content-box-column-3 col-lg-4 col-md-4 col-sm-4 fusion-content-box-hover content-box-column-last content-box-column-last-in-row\"><div class=\"col content-box-wrapper content-wrapper-background link-area-box link-type-button-bar content-icon-wrapper-yes icon-hover-animation-fade\" data-link=\"mailto:contacto@vertikalist.com?subject=Solicitud%20de%20informacion%20website%20Vertikalist\" data-link-target=\"_blank\" data-animationOffset=\"top-mid-of-view\"><div class=\"heading heading-with-icon icon-left\"><a class=\"heading-link\" style=\"float:left;\" href=\"mailto:contacto@vertikalist.com?subject=Solicitud%20de%20informacion%20website%20Vertikalist\" target=\"_blank\" rel=\"noopener noreferrer\"><div aria-hidden=\"true\" class=\"image\"><img decoding=\"async\" src=\"https:\/\/vertikalist.com\/wp-content\/uploads\/2021\/02\/email-2.png\" width=\"30\" height=\"30\" alt=\"\" \/><\/div><\/a><\/div><div class=\"fusion-clearfix\"><\/div><a class=\" fusion-read-more fusion-button-bar\" style=\"float:left;\" href=\"mailto:contacto@vertikalist.com?subject=Solicitud%20de%20informacion%20website%20Vertikalist\" target=\"_blank\" rel=\"noopener noreferrer\">Send us an email<\/a><div class=\"fusion-clearfix\"><\/div><\/div><\/div><div class=\"fusion-clearfix\"><\/div><\/div><div class=\"fusion-text fusion-text-4\" style=\"--awb-text-transform:none;\"><p><span style=\"color: #ffffff;\">C\/ Antoni Gaudi, s\/n<\/span><br \/>\n<span style=\"color: #ffffff;\">+34 937 712 607<\/span><br \/>\n<span style=\"color: #ffffff;\">+34 695 430 099<\/span><br \/>\n<span style=\"color: #ffffff;\"> 08781 Els Hostalets de Pierola<\/span><br \/>\n<span style=\"color: #ffffff;\"> Barcelona \u2013 Spain<\/span><\/p>\n<\/div><\/div><\/div><\/div><\/div><\/div>\n<\/p>\n","protected":false},"excerpt":{"rendered":"","protected":false},"author":4,"featured_media":0,"parent":0,"menu_order":0,"comment_status":"closed","ping_status":"closed","template":"100-width.php","meta":{"footnotes":""},"class_list":["post-3477","page","type-page","status-publish","hentry"],"yoast_head":"<!-- This site is optimized with the Yoast SEO plugin v27.1.1 - https:\/\/yoast.com\/product\/yoast-seo-wordpress\/ -->\n<title>Contacte - Vertikalist<\/title>\n<meta name=\"description\" content=\"Si vols rebre m\u00e9s informaci\u00f3 dels nostres productes o de la nostra empresa, envia&#039;ns el seg\u00fcent formulari de contacte\" \/>\n<meta name=\"robots\" content=\"index, follow, max-snippet:-1, max-image-preview:large, max-video-preview:-1\" \/>\n<link rel=\"canonical\" href=\"https:\/\/vertikalist.com\/ca\/contact\/\" \/>\n<meta property=\"og:locale\" content=\"ca_ES\" \/>\n<meta property=\"og:type\" content=\"article\" \/>\n<meta property=\"og:title\" content=\"Contacte - Vertikalist\" \/>\n<meta property=\"og:description\" content=\"Si vols rebre m\u00e9s informaci\u00f3 dels nostres productes o de la nostra empresa, envia&#039;ns el seg\u00fcent formulari de contacte\" \/>\n<meta property=\"og:url\" content=\"https:\/\/vertikalist.com\/ca\/contact\/\" \/>\n<meta property=\"og:site_name\" content=\"Vertikalist\" \/>\n<meta property=\"article:publisher\" content=\"https:\/\/www.facebook.com\/vertikalist\" \/>\n<meta property=\"article:modified_time\" content=\"2022-11-08T14:41:20+00:00\" \/>\n<meta name=\"twitter:card\" content=\"summary_large_image\" \/>\n<meta name=\"twitter:site\" content=\"@vertikalist\" \/>\n<meta name=\"twitter:label1\" content=\"Temps estimat de lectura\" \/>\n\t<meta name=\"twitter:data1\" content=\"4 minuts\" \/>\n<script type=\"application\/ld+json\" class=\"yoast-schema-graph\">{\"@context\":\"https:\/\/schema.org\",\"@graph\":[{\"@type\":\"WebPage\",\"@id\":\"https:\/\/vertikalist.com\/ca\/contact\/\",\"url\":\"https:\/\/vertikalist.com\/ca\/contact\/\",\"name\":\"Contacte - Vertikalist\",\"isPartOf\":{\"@id\":\"https:\/\/vertikalist.com\/#website\"},\"datePublished\":\"2021-02-24T15:54:18+00:00\",\"dateModified\":\"2022-11-08T14:41:20+00:00\",\"description\":\"Si vols rebre m\u00e9s informaci\u00f3 dels nostres productes o de la nostra empresa, envia'ns el seg\u00fcent formulari de contacte\",\"breadcrumb\":{\"@id\":\"https:\/\/vertikalist.com\/ca\/contact\/#breadcrumb\"},\"inLanguage\":\"ca\",\"potentialAction\":[{\"@type\":\"ReadAction\",\"target\":[\"https:\/\/vertikalist.com\/ca\/contact\/\"]}]},{\"@type\":\"BreadcrumbList\",\"@id\":\"https:\/\/vertikalist.com\/ca\/contact\/#breadcrumb\",\"itemListElement\":[{\"@type\":\"ListItem\",\"position\":1,\"name\":\"Portada\",\"item\":\"https:\/\/vertikalist.com\/ca\/\"},{\"@type\":\"ListItem\",\"position\":2,\"name\":\"Contacte\"}]},{\"@type\":\"WebSite\",\"@id\":\"https:\/\/vertikalist.com\/#website\",\"url\":\"https:\/\/vertikalist.com\/\",\"name\":\"Vertikalist\",\"description\":\"Construcci&oacute;n de parques de aventura\",\"publisher\":{\"@id\":\"https:\/\/vertikalist.com\/#organization\"},\"potentialAction\":[{\"@type\":\"SearchAction\",\"target\":{\"@type\":\"EntryPoint\",\"urlTemplate\":\"https:\/\/vertikalist.com\/?s={search_term_string}\"},\"query-input\":{\"@type\":\"PropertyValueSpecification\",\"valueRequired\":true,\"valueName\":\"search_term_string\"}}],\"inLanguage\":\"ca\"},{\"@type\":\"Organization\",\"@id\":\"https:\/\/vertikalist.com\/#organization\",\"name\":\"VERTIKALIST\",\"url\":\"https:\/\/vertikalist.com\/\",\"logo\":{\"@type\":\"ImageObject\",\"inLanguage\":\"ca\",\"@id\":\"https:\/\/vertikalist.com\/#\/schema\/logo\/image\/\",\"url\":\"https:\/\/vertikalist.com\/wp-content\/uploads\/2019\/09\/Supertirolina-video-Logo-1.jpg\",\"contentUrl\":\"https:\/\/vertikalist.com\/wp-content\/uploads\/2019\/09\/Supertirolina-video-Logo-1.jpg\",\"width\":68,\"height\":68,\"caption\":\"VERTIKALIST\"},\"image\":{\"@id\":\"https:\/\/vertikalist.com\/#\/schema\/logo\/image\/\"},\"sameAs\":[\"https:\/\/www.facebook.com\/vertikalist\",\"https:\/\/x.com\/vertikalist\",\"https:\/\/www.instagram.com\/vertikalist\/\",\"https:\/\/es.linkedin.com\/company\/vertikalist\",\"https:\/\/www.pinterest.es\/vertikalist\/\",\"https:\/\/www.youtube.com\/channel\/UCFSxmh4HlH45LPqVuZ9pZKw\"]}]}<\/script>\n<!-- \/ Yoast SEO plugin. -->","yoast_head_json":{"title":"Contacte - Vertikalist","description":"Si vols rebre m\u00e9s informaci\u00f3 dels nostres productes o de la nostra empresa, envia'ns el seg\u00fcent formulari de contacte","robots":{"index":"index","follow":"follow","max-snippet":"max-snippet:-1","max-image-preview":"max-image-preview:large","max-video-preview":"max-video-preview:-1"},"canonical":"https:\/\/vertikalist.com\/ca\/contact\/","og_locale":"ca_ES","og_type":"article","og_title":"Contacte - Vertikalist","og_description":"Si vols rebre m\u00e9s informaci\u00f3 dels nostres productes o de la nostra empresa, envia'ns el seg\u00fcent formulari de contacte","og_url":"https:\/\/vertikalist.com\/ca\/contact\/","og_site_name":"Vertikalist","article_publisher":"https:\/\/www.facebook.com\/vertikalist","article_modified_time":"2022-11-08T14:41:20+00:00","twitter_card":"summary_large_image","twitter_site":"@vertikalist","twitter_misc":{"Temps estimat de lectura":"4 minuts"},"schema":{"@context":"https:\/\/schema.org","@graph":[{"@type":"WebPage","@id":"https:\/\/vertikalist.com\/ca\/contact\/","url":"https:\/\/vertikalist.com\/ca\/contact\/","name":"Contacte - Vertikalist","isPartOf":{"@id":"https:\/\/vertikalist.com\/#website"},"datePublished":"2021-02-24T15:54:18+00:00","dateModified":"2022-11-08T14:41:20+00:00","description":"Si vols rebre m\u00e9s informaci\u00f3 dels nostres productes o de la nostra empresa, envia'ns el seg\u00fcent formulari de contacte","breadcrumb":{"@id":"https:\/\/vertikalist.com\/ca\/contact\/#breadcrumb"},"inLanguage":"ca","potentialAction":[{"@type":"ReadAction","target":["https:\/\/vertikalist.com\/ca\/contact\/"]}]},{"@type":"BreadcrumbList","@id":"https:\/\/vertikalist.com\/ca\/contact\/#breadcrumb","itemListElement":[{"@type":"ListItem","position":1,"name":"Portada","item":"https:\/\/vertikalist.com\/ca\/"},{"@type":"ListItem","position":2,"name":"Contacte"}]},{"@type":"WebSite","@id":"https:\/\/vertikalist.com\/#website","url":"https:\/\/vertikalist.com\/","name":"Vertikalist","description":"Construcci&oacute;n de parques de aventura","publisher":{"@id":"https:\/\/vertikalist.com\/#organization"},"potentialAction":[{"@type":"SearchAction","target":{"@type":"EntryPoint","urlTemplate":"https:\/\/vertikalist.com\/?s={search_term_string}"},"query-input":{"@type":"PropertyValueSpecification","valueRequired":true,"valueName":"search_term_string"}}],"inLanguage":"ca"},{"@type":"Organization","@id":"https:\/\/vertikalist.com\/#organization","name":"VERTIKALIST","url":"https:\/\/vertikalist.com\/","logo":{"@type":"ImageObject","inLanguage":"ca","@id":"https:\/\/vertikalist.com\/#\/schema\/logo\/image\/","url":"https:\/\/vertikalist.com\/wp-content\/uploads\/2019\/09\/Supertirolina-video-Logo-1.jpg","contentUrl":"https:\/\/vertikalist.com\/wp-content\/uploads\/2019\/09\/Supertirolina-video-Logo-1.jpg","width":68,"height":68,"caption":"VERTIKALIST"},"image":{"@id":"https:\/\/vertikalist.com\/#\/schema\/logo\/image\/"},"sameAs":["https:\/\/www.facebook.com\/vertikalist","https:\/\/x.com\/vertikalist","https:\/\/www.instagram.com\/vertikalist\/","https:\/\/es.linkedin.com\/company\/vertikalist","https:\/\/www.pinterest.es\/vertikalist\/","https:\/\/www.youtube.com\/channel\/UCFSxmh4HlH45LPqVuZ9pZKw"]}]}},"_links":{"self":[{"href":"https:\/\/vertikalist.com\/ca\/wp-json\/wp\/v2\/pages\/3477","targetHints":{"allow":["GET"]}}],"collection":[{"href":"https:\/\/vertikalist.com\/ca\/wp-json\/wp\/v2\/pages"}],"about":[{"href":"https:\/\/vertikalist.com\/ca\/wp-json\/wp\/v2\/types\/page"}],"author":[{"embeddable":true,"href":"https:\/\/vertikalist.com\/ca\/wp-json\/wp\/v2\/users\/4"}],"replies":[{"embeddable":true,"href":"https:\/\/vertikalist.com\/ca\/wp-json\/wp\/v2\/comments?post=3477"}],"version-history":[{"count":0,"href":"https:\/\/vertikalist.com\/ca\/wp-json\/wp\/v2\/pages\/3477\/revisions"}],"wp:attachment":[{"href":"https:\/\/vertikalist.com\/ca\/wp-json\/wp\/v2\/media?parent=3477"}],"curies":[{"name":"wp","href":"https:\/\/api.w.org\/{rel}","templated":true}]}}