{"id":2148,"date":"2017-02-24T11:31:39","date_gmt":"2017-02-24T11:31:39","guid":{"rendered":"http:\/\/vertikalist.com\/internacional\/"},"modified":"2022-11-08T15:55:30","modified_gmt":"2022-11-08T14:55:30","slug":"internacional","status":"publish","type":"page","link":"https:\/\/vertikalist.com\/ca\/internacional\/","title":{"rendered":"Internacional"},"content":{"rendered":"<p><div class=\"fusion-fullwidth fullwidth-box fusion-builder-row-1 nonhundred-percent-fullwidth non-hundred-percent-height-scrolling\" style=\"--awb-border-radius-top-left:0px;--awb-border-radius-top-right:0px;--awb-border-radius-bottom-right:0px;--awb-border-radius-bottom-left:0px;--awb-padding-bottom:60px;--awb-flex-wrap:wrap;\" ><div class=\"fusion-builder-row fusion-row\"><div class=\"fusion-layout-column fusion_builder_column fusion-builder-column-0 fusion_builder_column_1_5 1_5 fusion-one-fifth fusion-column-first\" style=\"--awb-bg-size:cover;width:20%;width:calc(20% - ( ( 4% + 4% ) * 0.2 ) );margin-right: 4%;\"><div class=\"fusion-column-wrapper fusion-flex-column-wrapper-legacy\"><div class=\"fusion-clearfix\"><\/div><\/div><\/div><div class=\"fusion-layout-column fusion_builder_column fusion-builder-column-1 fusion_builder_column_3_5 3_5 fusion-three-fifth\" style=\"--awb-bg-size:cover;width:60%;width:calc(60% - ( ( 4% + 4% ) * 0.6 ) );margin-right: 4%;\"><div class=\"fusion-column-wrapper fusion-flex-column-wrapper-legacy\"><div class=\"fusion-title title fusion-title-1 fusion-sep-none fusion-title-center fusion-title-text fusion-title-size-one\" style=\"--awb-margin-top:60px;\"><h1 class=\"fusion-title-heading title-heading-center fusion-responsive-typography-calculated\" style=\"margin:0;--fontSize:45;line-height:1.1;\">UNA EMPRESA, DUES SEUS<\/h1><\/div><div class=\"fusion-text fusion-text-1\"><p style=\"text-align: center;\">Vertikalist desenvolupa projectes i muntatges a nivell nacional i internacional dirigits i coordinats des de dues seus: Barcelona (Espanya) i Santiago (Xile). Des de 2007 hem desenvolupat intervencions i projectes a Europa, \u00c0sia, \u00c0frica i Sud-am\u00e8rica.<\/p>\n<\/div><div class=\"fusion-aligncenter\"><a class=\"fusion-button button-flat fusion-button-default-size button-default fusion-button-default button-1 fusion-button-default-span fusion-button-default-type\" target=\"_self\" href=\"https:\/\/www.vertikalistchile.cl\/\"><span class=\"fusion-button-text awb-button__text awb-button__text--default\">VISITA LA WEB DE VERTIKALIST XILE<\/span><\/a><\/div><div class=\"fusion-clearfix\"><\/div><\/div><\/div><div class=\"fusion-layout-column fusion_builder_column fusion-builder-column-2 fusion_builder_column_1_5 1_5 fusion-one-fifth fusion-column-last\" style=\"--awb-bg-size:cover;width:20%;width:calc(20% - ( ( 4% + 4% ) * 0.2 ) );\"><div class=\"fusion-column-wrapper fusion-flex-column-wrapper-legacy\"><div class=\"fusion-clearfix\"><\/div><\/div><\/div><\/div><\/div><div class=\"fusion-fullwidth fullwidth-box fusion-builder-row-2 nonhundred-percent-fullwidth non-hundred-percent-height-scrolling\" style=\"--awb-border-radius-top-left:0px;--awb-border-radius-top-right:0px;--awb-border-radius-bottom-right:0px;--awb-border-radius-bottom-left:0px;--awb-padding-bottom:40px;--awb-background-color:#ededed;--awb-flex-wrap:wrap;\" ><div class=\"fusion-builder-row fusion-row\"><div class=\"fusion-layout-column fusion_builder_column fusion-builder-column-3 fusion_builder_column_1_1 1_1 fusion-one-full fusion-column-first fusion-column-last\" style=\"--awb-bg-size:cover;\"><div class=\"fusion-column-wrapper fusion-flex-column-wrapper-legacy\"><div class=\"fusion-title title fusion-title-2 fusion-sep-none fusion-title-center fusion-title-text fusion-title-size-one\" style=\"--awb-margin-top:60px;\"><h1 class=\"fusion-title-heading title-heading-center fusion-responsive-typography-calculated\" style=\"margin:0;--fontSize:45;line-height:1.1;\"><p style=\"text-align: center;\">REQUISITS I NORMATIVES<\/p><\/h1><\/div><div class=\"fusion-clearfix\"><\/div><\/div><\/div><div class=\"fusion-layout-column fusion_builder_column fusion-builder-column-4 fusion_builder_column_1_3 1_3 fusion-one-third fusion-column-first\" style=\"--awb-bg-size:cover;width:33.333333333333%;width:calc(33.333333333333% - ( ( 4% + 4% ) * 0.33333333333333 ) );margin-right: 4%;\"><div class=\"fusion-column-wrapper fusion-flex-column-wrapper-legacy\"><div class=\"fusion-text fusion-text-2\"><p>No tots els pa\u00efsos disposen d&#8217;una legislaci\u00f3 que reguli la implantaci\u00f3 d&#8217;activitats d&#8217;aventura. Alguns fins i tot encara no disposen d&#8217;un marc legal regulat.<\/p>\n<\/div><div class=\"fusion-clearfix\"><\/div><\/div><\/div><div class=\"fusion-layout-column fusion_builder_column fusion-builder-column-5 fusion_builder_column_1_3 1_3 fusion-one-third\" style=\"--awb-bg-size:cover;width:33.333333333333%;width:calc(33.333333333333% - ( ( 4% + 4% ) * 0.33333333333333 ) );margin-right: 4%;\"><div class=\"fusion-column-wrapper fusion-flex-column-wrapper-legacy\"><div class=\"fusion-text fusion-text-3\"><p>Vertikalist desenvolupa solucions tecnol\u00f2giques espec\u00edfiques per a la fabricaci\u00f3 i construcci\u00f3 d&#8217;instal\u00b7lacions d&#8217;aventura m\u00e9s segures i eficients, avan\u00e7ant-nos a l&#8217;evoluci\u00f3 normativa i legislativa.<\/p>\n<\/div><div class=\"fusion-clearfix\"><\/div><\/div><\/div><div class=\"fusion-layout-column fusion_builder_column fusion-builder-column-6 fusion_builder_column_1_3 1_3 fusion-one-third fusion-column-last\" style=\"--awb-bg-size:cover;width:33.333333333333%;width:calc(33.333333333333% - ( ( 4% + 4% ) * 0.33333333333333 ) );\"><div class=\"fusion-column-wrapper fusion-flex-column-wrapper-legacy\"><div class=\"fusion-text fusion-text-4\"><p>A cada pa\u00eds que intervenim duem a terme un estudi i actualitzaci\u00f3 constant de la normativa vigent en mat\u00e8ria de seguretat i del codi civil de construcci\u00f3 per dotar a la instal\u00b7laci\u00f3 del m\u00e0xim ordre legal.<\/p>\n<\/div><div class=\"fusion-clearfix\"><\/div><\/div><\/div><\/div><\/div><div class=\"fusion-fullwidth fullwidth-box fusion-builder-row-3 nonhundred-percent-fullwidth non-hundred-percent-height-scrolling fusion-equal-height-columns\" style=\"--awb-border-radius-top-left:0px;--awb-border-radius-top-right:0px;--awb-border-radius-bottom-right:0px;--awb-border-radius-bottom-left:0px;--awb-padding-top:60px;--awb-padding-bottom:0px;--awb-flex-wrap:wrap;\" ><div class=\"fusion-builder-row fusion-row\"><div class=\"fusion-layout-column fusion_builder_column fusion-builder-column-7 fusion_builder_column_2_3 2_3 fusion-two-third fusion-column-first\" style=\"--awb-padding-bottom:0px;--awb-bg-size:cover;width:66.666666666667%;width:calc(66.666666666667% - ( ( 4% ) * 0.66666666666667 ) );margin-right: 4%;\"><div class=\"fusion-column-wrapper fusion-flex-column-wrapper-legacy\"><div class=\"fusion-image-element fusion-image-align-center in-legacy-container\" style=\"text-align:center;--awb-caption-title-font-family:var(--h2_typography-font-family);--awb-caption-title-font-weight:var(--h2_typography-font-weight);--awb-caption-title-font-style:var(--h2_typography-font-style);--awb-caption-title-size:var(--h2_typography-font-size);--awb-caption-title-transform:var(--h2_typography-text-transform);--awb-caption-title-line-height:var(--h2_typography-line-height);--awb-caption-title-letter-spacing:var(--h2_typography-letter-spacing);\"><div class=\"imageframe-align-center\"><span class=\" fusion-imageframe imageframe-none imageframe-1 hover-type-none\"><img decoding=\"async\" width=\"807\" height=\"435\" src=\"https:\/\/vertikalist.com\/wp-content\/uploads\/2017\/02\/fondo_internacional_01.jpg\" alt class=\"img-responsive wp-image-1902\" srcset=\"https:\/\/vertikalist.com\/wp-content\/uploads\/2017\/02\/fondo_internacional_01-200x108.jpg 200w, https:\/\/vertikalist.com\/wp-content\/uploads\/2017\/02\/fondo_internacional_01-400x216.jpg 400w, https:\/\/vertikalist.com\/wp-content\/uploads\/2017\/02\/fondo_internacional_01-600x323.jpg 600w, https:\/\/vertikalist.com\/wp-content\/uploads\/2017\/02\/fondo_internacional_01-800x431.jpg 800w, https:\/\/vertikalist.com\/wp-content\/uploads\/2017\/02\/fondo_internacional_01.jpg 807w\" sizes=\"(max-width: 500px) 100vw, 800px\" \/><\/span><\/div><\/div><div class=\"fusion-clearfix\"><\/div><\/div><\/div><div class=\"fusion-layout-column fusion_builder_column fusion-builder-column-8 fusion_builder_column_1_3 1_3 fusion-one-third fusion-column-last\" style=\"--awb-bg-size:cover;width:33.333333333333%;width:calc(33.333333333333% - ( ( 4% ) * 0.33333333333333 ) );\"><div class=\"fusion-column-wrapper fusion-flex-column-wrapper-legacy\"><div class=\"fusion-column-content-centered\"><div class=\"fusion-column-content\"><div class=\"fusion-text fusion-text-5\"><p>Projectes World Wide<\/p>\n<h5>Espanya, Fran\u00e7a, It\u00e0lia, el Marroc, Tun\u00edsia, Dub\u00e1i, Kuwait, Vene\u00e7uela, Xile, Uruguai, Per\u00fa, Bol\u00edvia\u2026<\/h5>\n<\/div><\/div><\/div><div class=\"fusion-clearfix\"><\/div><\/div><\/div><\/div><\/div><div class=\"fusion-fullwidth fullwidth-box fusion-builder-row-4 nonhundred-percent-fullwidth non-hundred-percent-height-scrolling\" style=\"--awb-border-radius-top-left:0px;--awb-border-radius-top-right:0px;--awb-border-radius-bottom-right:0px;--awb-border-radius-bottom-left:0px;--awb-padding-top:0px;--awb-padding-bottom:60px;--awb-flex-wrap:wrap;\" ><div class=\"fusion-builder-row fusion-row\"><div class=\"fusion-layout-column fusion_builder_column fusion-builder-column-9 fusion_builder_column_1_5 1_5 fusion-one-fifth fusion-column-first\" style=\"--awb-bg-size:cover;width:20%;width:calc(20% - ( ( 4% + 4% ) * 0.2 ) );margin-right: 4%;\"><div class=\"fusion-column-wrapper fusion-flex-column-wrapper-legacy\"><div class=\"fusion-clearfix\"><\/div><\/div><\/div><div class=\"fusion-layout-column fusion_builder_column fusion-builder-column-10 fusion_builder_column_3_5 3_5 fusion-three-fifth\" style=\"--awb-padding-top:0px;--awb-bg-size:cover;width:60%;width:calc(60% - ( ( 4% + 4% ) * 0.6 ) );margin-right: 4%;\"><div class=\"fusion-column-wrapper fusion-flex-column-wrapper-legacy\"><div class=\"fusion-title title fusion-title-3 fusion-sep-none fusion-title-center fusion-title-text fusion-title-size-one\" style=\"--awb-margin-top:60px;\"><h1 class=\"fusion-title-heading title-heading-center fusion-responsive-typography-calculated\" style=\"margin:0;--fontSize:45;line-height:1.1;\">ATENCI\u00d3 \u00c0GIL I PERSONALITZADA<\/h1><\/div><div class=\"fusion-text fusion-text-6\"><p style=\"text-align: center;\">Sigui quina sigui la seva consulta i el pa\u00eds on necessiti els nostres serveis, truqui&#8217;ns i li informarem sobre com podem comen\u00e7ar a treballar, de manera r\u00e0pida, \u00e0gil i personalitzada.<\/p>\n<\/div><div class=\"fusion-clearfix\"><\/div><\/div><\/div><div class=\"fusion-layout-column fusion_builder_column fusion-builder-column-11 fusion_builder_column_1_5 1_5 fusion-one-fifth fusion-column-last\" style=\"--awb-bg-size:cover;width:20%;width:calc(20% - ( ( 4% + 4% ) * 0.2 ) );\"><div class=\"fusion-column-wrapper fusion-flex-column-wrapper-legacy\"><div class=\"fusion-clearfix\"><\/div><\/div><\/div><\/div><\/div><div class=\"fusion-fullwidth fullwidth-box fusion-builder-row-5 nonhundred-percent-fullwidth non-hundred-percent-height-scrolling fusion-equal-height-columns\" style=\"--awb-border-radius-top-left:0px;--awb-border-radius-top-right:0px;--awb-border-radius-bottom-right:0px;--awb-border-radius-bottom-left:0px;--awb-padding-top:0px;--awb-padding-right:0px;--awb-padding-bottom:0px;--awb-padding-left:0px;--awb-margin-top:0px;--awb-margin-bottom:0px;--awb-background-color:#fc4513;--awb-flex-wrap:wrap;\" ><div class=\"fusion-builder-row fusion-row\"><div class=\"fusion-layout-column fusion_builder_column fusion-builder-column-12 fusion_builder_column_1_2 1_2 fusion-one-half fusion-column-first\" style=\"--awb-bg-size:cover;width:50%;width:calc(50% - ( ( 4% ) * 0.5 ) );margin-right: 4%;\"><div class=\"fusion-column-wrapper fusion-flex-column-wrapper-legacy\"><div class=\"fusion-column-content-centered\"><div class=\"fusion-column-content\"><div class=\"fusion-image-element fusion-image-align-right in-legacy-container\" style=\"text-align:right;--awb-caption-title-font-family:var(--h2_typography-font-family);--awb-caption-title-font-weight:var(--h2_typography-font-weight);--awb-caption-title-font-style:var(--h2_typography-font-style);--awb-caption-title-size:var(--h2_typography-font-size);--awb-caption-title-transform:var(--h2_typography-text-transform);--awb-caption-title-line-height:var(--h2_typography-line-height);--awb-caption-title-letter-spacing:var(--h2_typography-letter-spacing);\"><span class=\" fusion-imageframe imageframe-none imageframe-2 hover-type-none\" style=\"margin-left:25px;float:right;\"><img decoding=\"async\" width=\"156\" height=\"160\" src=\"https:\/\/vertikalist.com\/wp-content\/uploads\/2017\/02\/icon_07.png\" alt class=\"img-responsive wp-image-890\"\/><\/span><\/div><\/div><\/div><div class=\"fusion-clearfix\"><\/div><\/div><\/div><div class=\"fusion-layout-column fusion_builder_column fusion-builder-column-13 fusion_builder_column_1_2 1_2 fusion-one-half fusion-column-last\" style=\"--awb-bg-size:cover;width:50%;width:calc(50% - ( ( 4% ) * 0.5 ) );\"><div class=\"fusion-column-wrapper fusion-flex-column-wrapper-legacy\"><div class=\"fusion-column-content-centered\"><div class=\"fusion-column-content\"><div class=\"fusion-sep-clear\"><\/div><div class=\"fusion-separator fusion-full-width-sep\" style=\"margin-left: auto;margin-right: auto;margin-top:20px;width:100%;\"><\/div><div class=\"fusion-sep-clear\"><\/div><div class=\"fusion-text fusion-text-7\"><p><span style=\"color: #ffffff;\"><strong>Contacta amb nosaltres:<\/strong><br \/>\n+34 695 430 099<\/span><br \/>\n<span style=\"color: #ffffff;\"> +34 937 712 607<\/span><br \/>\n<span style=\"color: #ffffff;\"> <a style=\"color: #ffffff;\" href=\"mailto:contacto@vertikalist.com\">contacto@vertikalist.com<\/a><\/span><\/p>\n<\/div><\/div><\/div><div class=\"fusion-clearfix\"><\/div><\/div><\/div><\/div><\/div><\/p>\n","protected":false},"excerpt":{"rendered":"","protected":false},"author":1,"featured_media":0,"parent":0,"menu_order":0,"comment_status":"closed","ping_status":"closed","template":"100-width.php","meta":{"footnotes":""},"class_list":["post-2148","page","type-page","status-publish","hentry"],"yoast_head":"<!-- This site is optimized with the Yoast SEO plugin v27.1.1 - https:\/\/yoast.com\/product\/yoast-seo-wordpress\/ -->\n<title>Internacional - Vertikalist<\/title>\n<meta name=\"description\" content=\"Vertikalist Internacional desenvolupa projectes i muntatges a nivell nacional i internacional dirigits i coordinats des de dues seus: Barcelona (Espanya) i Santiago (Xile)\" \/>\n<meta name=\"robots\" content=\"index, follow, max-snippet:-1, max-image-preview:large, max-video-preview:-1\" \/>\n<link rel=\"canonical\" href=\"https:\/\/vertikalist.com\/ca\/internacional\/\" \/>\n<meta property=\"og:locale\" content=\"ca_ES\" \/>\n<meta property=\"og:type\" content=\"article\" \/>\n<meta property=\"og:title\" content=\"Internacional - Vertikalist\" \/>\n<meta property=\"og:description\" content=\"Vertikalist Internacional desenvolupa projectes i muntatges a nivell nacional i internacional dirigits i coordinats des de dues seus: Barcelona (Espanya) i Santiago (Xile)\" \/>\n<meta property=\"og:url\" content=\"https:\/\/vertikalist.com\/ca\/internacional\/\" \/>\n<meta property=\"og:site_name\" content=\"Vertikalist\" \/>\n<meta property=\"article:publisher\" content=\"https:\/\/www.facebook.com\/vertikalist\" \/>\n<meta property=\"article:modified_time\" content=\"2022-11-08T14:55:30+00:00\" \/>\n<meta name=\"twitter:card\" content=\"summary_large_image\" \/>\n<meta name=\"twitter:site\" content=\"@vertikalist\" \/>\n<meta name=\"twitter:label1\" content=\"Temps estimat de lectura\" \/>\n\t<meta name=\"twitter:data1\" content=\"5 minuts\" \/>\n<script type=\"application\/ld+json\" class=\"yoast-schema-graph\">{\"@context\":\"https:\/\/schema.org\",\"@graph\":[{\"@type\":\"WebPage\",\"@id\":\"https:\/\/vertikalist.com\/ca\/internacional\/\",\"url\":\"https:\/\/vertikalist.com\/ca\/internacional\/\",\"name\":\"Internacional - Vertikalist\",\"isPartOf\":{\"@id\":\"https:\/\/vertikalist.com\/#website\"},\"datePublished\":\"2017-02-24T11:31:39+00:00\",\"dateModified\":\"2022-11-08T14:55:30+00:00\",\"description\":\"Vertikalist Internacional desenvolupa projectes i muntatges a nivell nacional i internacional dirigits i coordinats des de dues seus: Barcelona (Espanya) i Santiago (Xile)\",\"breadcrumb\":{\"@id\":\"https:\/\/vertikalist.com\/ca\/internacional\/#breadcrumb\"},\"inLanguage\":\"ca\",\"potentialAction\":[{\"@type\":\"ReadAction\",\"target\":[\"https:\/\/vertikalist.com\/ca\/internacional\/\"]}]},{\"@type\":\"BreadcrumbList\",\"@id\":\"https:\/\/vertikalist.com\/ca\/internacional\/#breadcrumb\",\"itemListElement\":[{\"@type\":\"ListItem\",\"position\":1,\"name\":\"Portada\",\"item\":\"https:\/\/vertikalist.com\/ca\/\"},{\"@type\":\"ListItem\",\"position\":2,\"name\":\"Internacional\"}]},{\"@type\":\"WebSite\",\"@id\":\"https:\/\/vertikalist.com\/#website\",\"url\":\"https:\/\/vertikalist.com\/\",\"name\":\"Vertikalist\",\"description\":\"Construcci&oacute;n de parques de aventura\",\"publisher\":{\"@id\":\"https:\/\/vertikalist.com\/#organization\"},\"potentialAction\":[{\"@type\":\"SearchAction\",\"target\":{\"@type\":\"EntryPoint\",\"urlTemplate\":\"https:\/\/vertikalist.com\/?s={search_term_string}\"},\"query-input\":{\"@type\":\"PropertyValueSpecification\",\"valueRequired\":true,\"valueName\":\"search_term_string\"}}],\"inLanguage\":\"ca\"},{\"@type\":\"Organization\",\"@id\":\"https:\/\/vertikalist.com\/#organization\",\"name\":\"VERTIKALIST\",\"url\":\"https:\/\/vertikalist.com\/\",\"logo\":{\"@type\":\"ImageObject\",\"inLanguage\":\"ca\",\"@id\":\"https:\/\/vertikalist.com\/#\/schema\/logo\/image\/\",\"url\":\"https:\/\/vertikalist.com\/wp-content\/uploads\/2019\/09\/Supertirolina-video-Logo-1.jpg\",\"contentUrl\":\"https:\/\/vertikalist.com\/wp-content\/uploads\/2019\/09\/Supertirolina-video-Logo-1.jpg\",\"width\":68,\"height\":68,\"caption\":\"VERTIKALIST\"},\"image\":{\"@id\":\"https:\/\/vertikalist.com\/#\/schema\/logo\/image\/\"},\"sameAs\":[\"https:\/\/www.facebook.com\/vertikalist\",\"https:\/\/x.com\/vertikalist\",\"https:\/\/www.instagram.com\/vertikalist\/\",\"https:\/\/es.linkedin.com\/company\/vertikalist\",\"https:\/\/www.pinterest.es\/vertikalist\/\",\"https:\/\/www.youtube.com\/channel\/UCFSxmh4HlH45LPqVuZ9pZKw\"]}]}<\/script>\n<!-- \/ Yoast SEO plugin. -->","yoast_head_json":{"title":"Internacional - Vertikalist","description":"Vertikalist Internacional desenvolupa projectes i muntatges a nivell nacional i internacional dirigits i coordinats des de dues seus: Barcelona (Espanya) i Santiago (Xile)","robots":{"index":"index","follow":"follow","max-snippet":"max-snippet:-1","max-image-preview":"max-image-preview:large","max-video-preview":"max-video-preview:-1"},"canonical":"https:\/\/vertikalist.com\/ca\/internacional\/","og_locale":"ca_ES","og_type":"article","og_title":"Internacional - Vertikalist","og_description":"Vertikalist Internacional desenvolupa projectes i muntatges a nivell nacional i internacional dirigits i coordinats des de dues seus: Barcelona (Espanya) i Santiago (Xile)","og_url":"https:\/\/vertikalist.com\/ca\/internacional\/","og_site_name":"Vertikalist","article_publisher":"https:\/\/www.facebook.com\/vertikalist","article_modified_time":"2022-11-08T14:55:30+00:00","twitter_card":"summary_large_image","twitter_site":"@vertikalist","twitter_misc":{"Temps estimat de lectura":"5 minuts"},"schema":{"@context":"https:\/\/schema.org","@graph":[{"@type":"WebPage","@id":"https:\/\/vertikalist.com\/ca\/internacional\/","url":"https:\/\/vertikalist.com\/ca\/internacional\/","name":"Internacional - Vertikalist","isPartOf":{"@id":"https:\/\/vertikalist.com\/#website"},"datePublished":"2017-02-24T11:31:39+00:00","dateModified":"2022-11-08T14:55:30+00:00","description":"Vertikalist Internacional desenvolupa projectes i muntatges a nivell nacional i internacional dirigits i coordinats des de dues seus: Barcelona (Espanya) i Santiago (Xile)","breadcrumb":{"@id":"https:\/\/vertikalist.com\/ca\/internacional\/#breadcrumb"},"inLanguage":"ca","potentialAction":[{"@type":"ReadAction","target":["https:\/\/vertikalist.com\/ca\/internacional\/"]}]},{"@type":"BreadcrumbList","@id":"https:\/\/vertikalist.com\/ca\/internacional\/#breadcrumb","itemListElement":[{"@type":"ListItem","position":1,"name":"Portada","item":"https:\/\/vertikalist.com\/ca\/"},{"@type":"ListItem","position":2,"name":"Internacional"}]},{"@type":"WebSite","@id":"https:\/\/vertikalist.com\/#website","url":"https:\/\/vertikalist.com\/","name":"Vertikalist","description":"Construcci&oacute;n de parques de aventura","publisher":{"@id":"https:\/\/vertikalist.com\/#organization"},"potentialAction":[{"@type":"SearchAction","target":{"@type":"EntryPoint","urlTemplate":"https:\/\/vertikalist.com\/?s={search_term_string}"},"query-input":{"@type":"PropertyValueSpecification","valueRequired":true,"valueName":"search_term_string"}}],"inLanguage":"ca"},{"@type":"Organization","@id":"https:\/\/vertikalist.com\/#organization","name":"VERTIKALIST","url":"https:\/\/vertikalist.com\/","logo":{"@type":"ImageObject","inLanguage":"ca","@id":"https:\/\/vertikalist.com\/#\/schema\/logo\/image\/","url":"https:\/\/vertikalist.com\/wp-content\/uploads\/2019\/09\/Supertirolina-video-Logo-1.jpg","contentUrl":"https:\/\/vertikalist.com\/wp-content\/uploads\/2019\/09\/Supertirolina-video-Logo-1.jpg","width":68,"height":68,"caption":"VERTIKALIST"},"image":{"@id":"https:\/\/vertikalist.com\/#\/schema\/logo\/image\/"},"sameAs":["https:\/\/www.facebook.com\/vertikalist","https:\/\/x.com\/vertikalist","https:\/\/www.instagram.com\/vertikalist\/","https:\/\/es.linkedin.com\/company\/vertikalist","https:\/\/www.pinterest.es\/vertikalist\/","https:\/\/www.youtube.com\/channel\/UCFSxmh4HlH45LPqVuZ9pZKw"]}]}},"_links":{"self":[{"href":"https:\/\/vertikalist.com\/ca\/wp-json\/wp\/v2\/pages\/2148","targetHints":{"allow":["GET"]}}],"collection":[{"href":"https:\/\/vertikalist.com\/ca\/wp-json\/wp\/v2\/pages"}],"about":[{"href":"https:\/\/vertikalist.com\/ca\/wp-json\/wp\/v2\/types\/page"}],"author":[{"embeddable":true,"href":"https:\/\/vertikalist.com\/ca\/wp-json\/wp\/v2\/users\/1"}],"replies":[{"embeddable":true,"href":"https:\/\/vertikalist.com\/ca\/wp-json\/wp\/v2\/comments?post=2148"}],"version-history":[{"count":0,"href":"https:\/\/vertikalist.com\/ca\/wp-json\/wp\/v2\/pages\/2148\/revisions"}],"wp:attachment":[{"href":"https:\/\/vertikalist.com\/ca\/wp-json\/wp\/v2\/media?parent=2148"}],"curies":[{"name":"wp","href":"https:\/\/api.w.org\/{rel}","templated":true}]}}